{"id":14,"date":"2012-01-04T13:14:29","date_gmt":"2012-01-04T12:14:29","guid":{"rendered":"http:\/\/heididegier\/?page_id=14"},"modified":"2021-11-07T12:04:00","modified_gmt":"2021-11-07T11:04:00","slug":"cv","status":"publish","type":"page","link":"https:\/\/www.heididegier.nl\/en\/about\/cv\/","title":{"rendered":"CV"},"content":{"rendered":"<p>Heidi de Gier, 1977<br \/>\nPhotographer<br \/>\nGraduated HKU University of the Arts Utrecht, the Netherlands in 2005<br \/>\nLives and works in Utrecht, the Netherlands<\/p>\n<h1>Exhibitions<\/h1>\n<h2>2021<\/h2>\n<ul>\n<li>Geestdrift Festival, Sanctuary,\u00a0Utrecht, NL, November 6<\/li>\n<li>Museumgarden, Centraal Museum, Utrecht, NL, April-August<\/li>\n<\/ul>\n<h2>2020<\/h2>\n<ul>\n<li><a href=\"https:\/\/kfhein.nl\/nieuws\/wapperende-stilte\" target=\"_blank\" rel=\"noopener noreferrer\">KF Hein Fund<\/a>, Maliesingel, Utrecht, NL, January-February<\/li>\n<li>Utrecht In Motion, Forum, Utrecht Central Station, NL, October, 2019-November, 2020<\/li>\n<\/ul>\n<h2>2019<\/h2>\n<ul>\n<li>Utrecht In Motion, Station Square, Utrecht Central, NL, May-October<\/li>\n<\/ul>\n<h2>2016<\/h2>\n<ul>\n<li><a title=\"The Hague Museum of Photography\" href=\"https:\/\/www.fotomuseumdenhaag.nl\/en\/exhibitions\/farming-folk\" target=\"_blank\" rel=\"noopener noreferrer\">The Hague Museum of Photography<\/a>, FARMING FOLK &#8216;Adventures in the Countryside&#8217;, The Hague, NL, December 5, 2015-March 13, 2016<\/li>\n<\/ul>\n<h2>2015<\/h2>\n<ul>\n<li>Geestdrift festival, Der Tod, Utrecht, NL, October 31<\/li>\n<li>PEER Paper Platform, Der Tod, Amsterdam, NL, September 14-20<\/li>\n<\/ul>\n<h2>2012<\/h2>\n<ul>\n<li>Photissima Art Fair, Adolescence, curated by Landscape Stories, Turin, IT<\/li>\n<li>Opnieuw 18, FOTODOK, Cultural Sunday, Domsquare, Utrecht, NL<\/li>\n<li><a title=\"newsupdate Noorderlicht\" href=\"https:\/\/www.heididegier.nl\/en\/noorderlicht\/\">Noorderlicht, International Photofestival, A Falling Horizon, Rottevalle, NL (solo)<\/a><\/li>\n<li><a href=\"http:\/\/www.bredaphoto.nl\/en\/photographers\/heidi-de-gier\/\" target=\"_blank\" rel=\"noopener noreferrer\">BredaPhoto, International Photofestival, A Falling Horizon, Breda, NL<\/a><\/li>\n<\/ul>\n<h2>2011<\/h2>\n<ul>\n<li><a title=\"CBK\" href=\"http:\/\/cms.dordrecht.nl\/dordt?nav=inbklZsHaKpPQwBwK\" target=\"_blank\" rel=\"noopener noreferrer\">CBK Dordrecht, A Falling Horizon, solo exhibition, NL (solo)<\/a><\/li>\n<li>MOBEX, mobile exhibition place, A Falling Horizon, Hendrik-Ido-Ambacht, NL (solo)<\/li>\n<\/ul>\n<h2>2010<\/h2>\n<ul>\n<li>Cereoolfactory, Nacht der Nostalgie (Night of Nostalgia), Utrecht, NL<\/li>\n<\/ul>\n<h2>2009<\/h2>\n<ul>\n<li>TrouwAmsterdam, Andere Ogen (Other Eyes), selection of 10 years Volkskrant Magazine photography, NL<\/li>\n<li>Atelierroute Utrecht (open studio), Sophies Art Projects, Hooghiemstra Utrecht, NL<\/li>\n<\/ul>\n<h2>2008<\/h2>\n<ul>\n<li>Toonkamer, (Dutch Design Centre), Kunst Dichtbij (Art Nearby), Utrecht, NL<\/li>\n<li>Ministry of Health, Welfare and Sport, Sport Equally Illuminated, The Hague, NL<\/li>\n<li>Conference centre Papendal, Sport Equally Illuminated, Arnhem, NL<\/li>\n<\/ul>\n<h2>2006<\/h2>\n<ul>\n<li>Toren van Babel (Tower of Babel), CU in Babel, Utrecht, NL<\/li>\n<li>Post CS gebouw, PANL Award #16, Amsterdam, NL<\/li>\n<\/ul>\n<h2>2005<\/h2>\n<ul>\n<li>INIT, PANL Award #15, Amsterdam, NL<\/li>\n<li>Town Hall Terneuzen, Young Photographers, NL<\/li>\n<li>Kop vol Lombokunst, Utrecht, NL<\/li>\n<li>Health Care Centre Lombok, Script, Utrecht, NL<\/li>\n<li>HKU festival, Graduation Exhibition, Utrecht, NL<\/li>\n<li>Studio Wim Sontrop Kasten, The last Farmgirls, Utrecht, NL<\/li>\n<\/ul>\n<h2>2004<\/h2>\n<ul>\n<li>Lombokunstweekend (Lombok Art Weekend), Utrecht, NL<\/li>\n<\/ul>\n<h1>Bookpresentations<\/h1>\n<h2>2013<\/h2>\n<ul>\n<li><a title=\"Undercover\" href=\"https:\/\/www.erarta.com\/en\/calendar\/exhibitions\/detail\/b89b8601-409d-11e3-91e3-8920284aa333\/?sphrase_id=4092\" target=\"_blank\" rel=\"noopener noreferrer\">Erarta Museum of Contempory Art, Undercover, exhibition about Dutch photobooks, St. Petersburg, RUS<\/a><\/li>\n<li><a title=\"Photoville\" href=\"https:\/\/archive.photoville.com\/2013-exhibitions\/a-survey-of-documentary-styles-in-early-21st-century-photobooks\/\" target=\"_blank\" rel=\"noopener noreferrer\">Photoville, A Survey of Documentary Styles in Early 21st Century Photobooks, selection from the Indie Photobook Library, New York, USA<\/a><\/li>\n<li>Printer Lenoirschuring, The Best Dutch Book Designs 2011, Amstelveen, NL<\/li>\n<\/ul>\n<h2>2012<\/h2>\n<ul>\n<li>Dutch Design Workspace, Best of Dutch Book Design, Mumbai, IND<\/li>\n<li>Neue Hauptb\u00fccherei, The Best Dutch Book Designs 2011, Vienna, AUT<\/li>\n<li>Het Tresoar, The Best Dutch Book Designs 2011, Leeuwarden, NL<\/li>\n<li>Pakhuis De Zwijger, Papier Hier, The Best Dutch Book Designs 2011, Amsterdam, NL<\/li>\n<li>Istanbul Book Fair, The Best of Dutch Book Design, Tuyap, TUR<\/li>\n<li>Toppan Printing Museum, The Best Dutch Book Designs 2011, Tokyo, JP<\/li>\n<li><a title=\"IPL\" href=\"http:\/\/www.indiephotobooklibrary.org\/2012\/11\/indie-photobook-library-at-fotoweekdc-november-9-18-2012\/\" target=\"_blank\" rel=\"noopener noreferrer\">FotoWeekDC, A Survey of Documentary Styles in Early 21st Century Photobooks, selection from the Indie Photobook Library, Washington, USA<\/a><\/li>\n<li>Museum Meermanno, House of the Book, The Best of Dutch Book Design, The Hague, NL<\/li>\n<li>Yasar University, The Best of Dutch Book Design, Izmir, TUR<\/li>\n<li><a title=\"Best Verzorgde Boeken\" href=\"http:\/\/www.stedelijk.nl\/en\/exhibitions\/exhibition-the-best-dutch-book-designs-2012\" target=\"_blank\" rel=\"noopener noreferrer\">Stedelijk Museum, The Best Dutch Book Designs 2011, Amsterdam, NL<\/a><\/li>\n<li><a title=\"carte blanche\" href=\"http:\/\/www.indiephotobooklibrary.org\/2012\/08\/a-survey-of-documentary-styles-in-early-21st-century-photobooks\/\" target=\"_blank\" rel=\"noopener noreferrer\">Gallery Carte Blanche, A Survey of Documentary Styles in Early 21st Century Photobooks, selection from the Indie Photobook Library, San Francisco, USA<\/a><\/li>\n<li>Frankfurter Buchmesse, as part of Buchkunst International, The Best Dutch Book Designs 2011, Frankfurt am Main, DE<\/li>\n<li>School of Form, The Best of Dutch Book Design, Pozn\u00e1n, PL<\/li>\n<li>Photo Espa\u00f1a, the Day of the Book, Antiguo Hospital de Santa Mar\u00eda la Rica, Alcal\u00e1 de Henares, ES<\/li>\n<li>Leipziger Buchmesse, The Best Dutch Book Designs 2011, DE<\/li>\n<\/ul>\n<h2>2011<\/h2>\n<ul>\n<li>Museum Boijmans Van Beuningen, Rotterdam Design Prize, nomination Hans Gremmen, Rotterdam, NL<\/li>\n<li><a title=\"3\/3\" href=\"http:\/\/www.treterzi.org\/blog\/?p=3432\" target=\"_blank\" rel=\"noopener noreferrer\">Little Big Press, Fotoleggendo 2011, Rome, IT<\/a><\/li>\n<li>K\u00fcnstlerverein Malkasten, Fw:, Exhibition and Library: Foxtrot Whiskey, D\u00fcsseldorf, DE<\/li>\n<\/ul>\n<h1>Performance Der Tod<\/h1>\n<h2>2019<\/h2>\n<ul>\n<li>Undercurrent, Waterworks, Der Tod und vier M\u00e4dchen, Syr\u00e8ne Saxofoonkwartet, Amsterdam, NL<\/li>\n<\/ul>\n<h2>2015<\/h2>\n<ul>\n<li>Azijnfabriek,\u00a0Der Tod und vier M\u00e4dchen, Syr\u00e8ne Saxophone Quartet, Den Bosch, NL,<\/li>\n<li>Hunebedcentrum, Der Tod und vier M\u00e4dchen, Syr\u00e8ne Saxophone Quartet, Borger, NL<\/li>\n<li>Fort Kijkduin, Der Tod und vier M\u00e4dchen, Syr\u00e8ne Saxophone Quartet, Den Helder, NL<\/li>\n<li>De Zeven Linden, Der Tod und vier M\u00e4dchen, Syr\u00e8ne Saxophone Quartet, Utrecht, NL<\/li>\n<li>Van Goghkerkje, Der Tod und vier M\u00e4dchen, Syr\u00e8ne Saxophone Quartet Nuenen, NL<\/li>\n<li>Munttheater, Der Tod und vier M\u00e4dchen, Syr\u00e8ne Saxophone Quartet, Weert, NL<\/li>\n<\/ul>\n<p><\/p>","protected":false},"excerpt":{"rendered":"<p>Heidi de Gier, 1977 Photographer Graduated HKU University of the Arts Utrecht, the Netherlands in 2005 Lives and works in Utrecht, the Netherlands Exhibitions 2021 Geestdrift Festival, Sanctuary,\u00a0Utrecht, NL, November 6 Museumgarden, Centraal Museum, Utrecht, NL, April-August 2020 KF Hein Fund, Maliesingel, Utrecht, NL, January-February Utrecht In Motion, Forum, Utrecht Central Station, NL, October, 2019-November, [&hellip;]<\/p>\n","protected":false},"author":2,"featured_media":0,"parent":3113,"menu_order":7,"comment_status":"open","ping_status":"closed","template":"template_informatie.php","meta":{"footnotes":"","_links_to":"","_links_to_target":""},"class_list":["post-14","page","type-page","status-publish","hentry"],"acf":[],"aioseo_notices":[],"_links":{"self":[{"href":"https:\/\/www.heididegier.nl\/en\/wp-json\/wp\/v2\/pages\/14","targetHints":{"allow":["GET"]}}],"collection":[{"href":"https:\/\/www.heididegier.nl\/en\/wp-json\/wp\/v2\/pages"}],"about":[{"href":"https:\/\/www.heididegier.nl\/en\/wp-json\/wp\/v2\/types\/page"}],"author":[{"embeddable":true,"href":"https:\/\/www.heididegier.nl\/en\/wp-json\/wp\/v2\/users\/2"}],"replies":[{"embeddable":true,"href":"https:\/\/www.heididegier.nl\/en\/wp-json\/wp\/v2\/comments?post=14"}],"version-history":[{"count":27,"href":"https:\/\/www.heididegier.nl\/en\/wp-json\/wp\/v2\/pages\/14\/revisions"}],"predecessor-version":[{"id":3218,"href":"https:\/\/www.heididegier.nl\/en\/wp-json\/wp\/v2\/pages\/14\/revisions\/3218"}],"up":[{"embeddable":true,"href":"https:\/\/www.heididegier.nl\/en\/wp-json\/wp\/v2\/pages\/3113"}],"wp:attachment":[{"href":"https:\/\/www.heididegier.nl\/en\/wp-json\/wp\/v2\/media?parent=14"}],"curies":[{"name":"wp","href":"https:\/\/api.w.org\/{rel}","templated":true}]}}